{"id":5134,"date":"2025-07-29T07:42:26","date_gmt":"2025-07-29T07:42:26","guid":{"rendered":"https:\/\/codexgolf.com\/academy\/"},"modified":"2025-12-03T20:04:42","modified_gmt":"2025-12-03T20:04:42","slug":"academy","status":"publish","type":"page","link":"https:\/\/codexgolf.com\/en\/academy\/","title":{"rendered":"Academy"},"content":{"rendered":"\t\t<div data-elementor-type=\"wp-page\" data-elementor-id=\"5134\" class=\"elementor elementor-5134 elementor-3949\" data-elementor-post-type=\"page\">\n\t\t\t\t<div class=\"elementor-element elementor-element-a6be90a e-flex e-con-boxed e-con e-parent\" data-id=\"a6be90a\" data-element_type=\"container\" data-e-type=\"container\">\n\t\t\t\t\t<div class=\"e-con-inner\">\n\t\t<div class=\"elementor-element elementor-element-1f65763 e-con-full e-flex e-con e-child\" data-id=\"1f65763\" data-element_type=\"container\" data-e-type=\"container\">\n\t\t\t\t<div class=\"elementor-element elementor-element-f453589 aleft elementor-widget elementor-widget-wgl-double-heading\" data-id=\"f453589\" data-element_type=\"widget\" data-e-type=\"widget\" data-widget_type=\"wgl-double-heading.default\">\n\t\t\t\t<div class=\"elementor-widget-container\">\n\t\t\t\t\t<div class=\"wgl-double-heading\"><div class=\"dblh__subtitle\">Codex Golf<\/div><\/div>\t\t\t\t<\/div>\n\t\t\t\t<\/div>\n\t\t\t\t<div class=\"elementor-element elementor-element-b68780b aleft elementor-widget elementor-widget-wgl-text-editor\" data-id=\"b68780b\" data-element_type=\"widget\" data-e-type=\"widget\" data-settings=\"{&quot;scroll_text_opacity&quot;:{&quot;unit&quot;:&quot;px&quot;,&quot;size&quot;:0.1,&quot;sizes&quot;:[]}}\" data-widget_type=\"wgl-text-editor.default\">\n\t\t\t\t<div class=\"elementor-widget-container\">\n\t\t\t\t\t<div class=\"wgl-text-editor scroll_text_appear appear-opacity\" data-start-percent=\"40\" data-duration-factor=\"2\" data-text-opacity=\"0.1\" data-delay-words=\"3\"><h3 class=\"text-editor_wrapper\"><span>At Codex Academy, we don't believe in a single perfect swing, but in the most efficient swing for you. We combine the experience of our professionals with the most advanced analysis technology (Trackman, video analysis) to accelerate your learning. Whether you are looking to get started in this sport or aspire to be a professional, we have the training plan you need.  <\/span><\/h3><\/div>\t\t\t\t<\/div>\n\t\t\t\t<\/div>\n\t\t\t\t<div class=\"elementor-element elementor-element-a087a9c elementor-widget elementor-widget-spacer\" data-id=\"a087a9c\" data-element_type=\"widget\" data-e-type=\"widget\" data-widget_type=\"spacer.default\">\n\t\t\t\t\t\t\t<div class=\"elementor-spacer\">\n\t\t\t<div class=\"elementor-spacer-inner\"><\/div>\n\t\t<\/div>\n\t\t\t\t\t\t<\/div>\n\t\t\t\t<\/div>\n\t\t\t\t\t<\/div>\n\t\t\t\t<\/div>\n\t\t<div class=\"elementor-element elementor-element-3ccba89 e-flex e-con-boxed e-con e-parent\" data-id=\"3ccba89\" data-element_type=\"container\" data-e-type=\"container\">\n\t\t\t\t\t<div class=\"e-con-inner\">\n\t\t\t\t<div class=\"elementor-element elementor-element-d83a58e elementor-widget elementor-widget-image\" data-id=\"d83a58e\" data-element_type=\"widget\" data-e-type=\"widget\" data-widget_type=\"image.default\">\n\t\t\t\t\t\t\t\t\t\t\t\t\t\t\t<img fetchpriority=\"high\" decoding=\"async\" width=\"1024\" height=\"604\" src=\"https:\/\/codexgolf.com\/wp-content\/uploads\/2025\/12\/Jose-Maria-Olazabal-y-Ander-Martinez-1024x604.webp\" class=\"attachment-large size-large wp-image-5093\" alt=\"Jos\u00e9 Mar\u00eda Olazabal and Ander Mart\u00ednez\" srcset=\"https:\/\/codexgolf.com\/wp-content\/uploads\/2025\/12\/Jose-Maria-Olazabal-y-Ander-Martinez-1024x604.webp 1024w, https:\/\/codexgolf.com\/wp-content\/uploads\/2025\/12\/Jose-Maria-Olazabal-y-Ander-Martinez-300x177.webp 300w, https:\/\/codexgolf.com\/wp-content\/uploads\/2025\/12\/Jose-Maria-Olazabal-y-Ander-Martinez-768x453.webp 768w, https:\/\/codexgolf.com\/wp-content\/uploads\/2025\/12\/Jose-Maria-Olazabal-y-Ander-Martinez.webp 1068w\" sizes=\"(max-width: 1024px) 100vw, 1024px\" \/>\t\t\t\t\t\t\t\t\t\t\t\t\t\t\t<\/div>\n\t\t\t\t\t<\/div>\n\t\t\t\t<\/div>\n\t\t<div class=\"elementor-element elementor-element-cff28bc e-flex e-con-boxed e-con e-parent\" data-id=\"cff28bc\" data-element_type=\"container\" data-e-type=\"container\">\n\t\t\t\t\t<div class=\"e-con-inner\">\n\t\t<div class=\"elementor-element elementor-element-ddad54d e-con-full e-flex e-con e-child\" data-id=\"ddad54d\" data-element_type=\"container\" data-e-type=\"container\">\n\t\t\t\t<div class=\"elementor-element elementor-element-520b89f elementor-widget elementor-widget-spacer\" data-id=\"520b89f\" data-element_type=\"widget\" data-e-type=\"widget\" data-widget_type=\"spacer.default\">\n\t\t\t\t\t\t\t<div class=\"elementor-spacer\">\n\t\t\t<div class=\"elementor-spacer-inner\"><\/div>\n\t\t<\/div>\n\t\t\t\t\t\t<\/div>\n\t\t\t\t<div class=\"elementor-element elementor-element-61d69e5 acenter elementor-widget elementor-widget-wgl-double-heading\" data-id=\"61d69e5\" data-element_type=\"widget\" data-e-type=\"widget\" data-widget_type=\"wgl-double-heading.default\">\n\t\t\t\t<div class=\"elementor-widget-container\">\n\t\t\t\t\t<div class=\"wgl-double-heading\"><div class=\"dblh__subtitle\">Our Benefits<\/div><h3 class=\"dblh__title-wrapper\"><span class=\"dblh__title dblh__title-1\"><span>What do we do from the Academy?<\/span><\/span><\/h3><\/div>\t\t\t\t<\/div>\n\t\t\t\t<\/div>\n\t\t\t\t<div class=\"elementor-element elementor-element-171366f elementor-widget elementor-widget-spacer\" data-id=\"171366f\" data-element_type=\"widget\" data-e-type=\"widget\" data-widget_type=\"spacer.default\">\n\t\t\t\t\t\t\t<div class=\"elementor-spacer\">\n\t\t\t<div class=\"elementor-spacer-inner\"><\/div>\n\t\t<\/div>\n\t\t\t\t\t\t<\/div>\n\t\t\t\t<div class=\"elementor-element elementor-element-5f771a5 button_left elementor-widget elementor-widget-wgl-showcase\" data-id=\"5f771a5\" data-element_type=\"widget\" data-e-type=\"widget\" data-widget_type=\"wgl-showcase.default\">\n\t\t\t\t<div class=\"elementor-widget-container\">\n\t\t\t\t\t<div class=\"wgl-showcase breakpoint_on-mobile interactive-showcase\"><div class=\"showcase__item  \"><h3 class=\"showcase__title\"><span class=\"showcase__subtitle\">01<\/span><span class=\"title\">Initiation Courses<\/span><\/h3><div class=\"showcase__content\"><ul data-path-to-node=\"12\">\n<li>\n<p data-path-to-node=\"12,1,0\">Designed for those who have never touched a club or are taking their first steps. In a relaxed and fun environment, you will learn the essential fundamentals: grip, posture, alignment, and basic swing mechanics. The goal is simple: to achieve a solid impact and fall in love with the game from day one.  <\/p>\n<\/li>\n<\/ul>\n<\/div><div class=\"showcase__image interactive\" style=\"background-image:url(https:\/\/codexgolf.com\/wp-content\/uploads\/2025\/07\/smiling-woman-takes-a-golf-swing-as-a-man-watches-2025-04-05-07-24-57-utc-1920x1280.webp)\"><div class=\"showcase__image-inner\"><img decoding=\"async\" class=\"image\" src=\"https:\/\/codexgolf.com\/wp-content\/uploads\/2025\/07\/smiling-woman-takes-a-golf-swing-as-a-man-watches-2025-04-05-07-24-57-utc-1920x1280.webp\" alt=\"Smiling Woman Takes A Golf Swing As A Man Watches 2025 04 05 07 24 57 Utc\"><\/div><\/div><\/div><div class=\"showcase__item  \"><h3 class=\"showcase__title\"><span class=\"showcase__subtitle\">02<\/span><span class=\"title\">Improvement Courses<\/span><\/h3><div class=\"showcase__content\"><p class=\"p1\"><span>Aimed at players who already have a base but need to polish mistakes and gain regularity. We analyze your technique to correct vices, improve your short game, and work on strategy on the course. We turn those erratic shots into predictable and controlled results.  <\/span><\/p>\n<\/div><div class=\"showcase__image interactive\" style=\"background-image:url(https:\/\/codexgolf.com\/wp-content\/uploads\/2025\/07\/congratulations-on-your-game-2024-10-14-16-16-33-utc-1920x1280.webp)\"><div class=\"showcase__image-inner\"><img decoding=\"async\" class=\"image\" src=\"https:\/\/codexgolf.com\/wp-content\/uploads\/2025\/07\/congratulations-on-your-game-2024-10-14-16-16-33-utc-1920x1280.webp\" alt=\"Congratulations On Your Game 2024 10 14 16 16 33 Utc\"><\/div><\/div><\/div><div class=\"showcase__item  \"><h3 class=\"showcase__title\"><span class=\"showcase__subtitle\">03<\/span><span class=\"title\">Competition Courses<\/span><\/h3><div class=\"showcase__content\"><p class=\"p1\"><span>Focused on experienced players who participate in tournaments and seek results. Here, not only is technique worked on, but also performance under pressure. We address mental management, pre-shot routines, statistical analysis of your game, and specific physical preparation to face the tournament season with guarantees.  <\/span><\/p>\n<\/div><div class=\"showcase__image interactive\" style=\"background-image:url(https:\/\/codexgolf.com\/wp-content\/uploads\/2025\/07\/a-male-golfer-receiving-help-from-his-caddy-on-the-2025-04-05-22-15-46-utc-1920x1255.webp)\"><div class=\"showcase__image-inner\"><img decoding=\"async\" class=\"image\" src=\"https:\/\/codexgolf.com\/wp-content\/uploads\/2025\/07\/a-male-golfer-receiving-help-from-his-caddy-on-the-2025-04-05-22-15-46-utc-1920x1255.webp\" alt=\"A Male Golfer Receiving Help From His Caddy On The 2025 04 05 22 15 46 Utc\"><\/div><\/div><\/div><div class=\"showcase__item  \"><h3 class=\"showcase__title\"><span class=\"showcase__subtitle\">04<\/span><span class=\"title\">Selection Courses<\/span><\/h3><div class=\"showcase__content\"><p class=\"p1\"><span>An exclusive technical program for talents and players with professional projection. We offer a comprehensive annual plan that includes exhaustive technical monitoring, physical preparation, nutritional advice, and sports coaching. We train the future leaders of golf with the highest standards.  <\/span><\/p>\n<\/div><div class=\"showcase__image interactive\" style=\"background-image:url(https:\/\/codexgolf.com\/wp-content\/uploads\/2025\/07\/Plan-Personalizado-para-Golfista-Profesional-Plan-estrategico-para-campos-de-golf-\u2013-Codex-Golf-Formacion-y-asesoramiento-para-profesionales-del-golf--1920x1280.webp)\"><div class=\"showcase__image-inner\"><img decoding=\"async\" class=\"image\" src=\"https:\/\/codexgolf.com\/wp-content\/uploads\/2025\/07\/Plan-Personalizado-para-Golfista-Profesional-Plan-estrategico-para-campos-de-golf-\u2013-Codex-Golf-Formacion-y-asesoramiento-para-profesionales-del-golf--1920x1280.webp\" alt=\"Plan Personalizado para Golfista Profesional Plan estrat\u00e9gico para campos de golf \u2013 Codex Golf - Formaci\u00f3n y asesoramiento para profesionales del golf\"><\/div><\/div><\/div><\/div>\t\t\t\t<\/div>\n\t\t\t\t<\/div>\n\t\t\t\t<div class=\"elementor-element elementor-element-9444e7c acenter has-magnetic elementor-widget-icon-box wgl-icon-box elementor-widget elementor-widget-wgl-button\" data-id=\"9444e7c\" data-element_type=\"widget\" data-e-type=\"widget\" data-widget_type=\"wgl-button.default\">\n\t\t\t\t<div class=\"elementor-widget-container\">\n\t\t\t\t\t<a class=\"wgl-button btn-size-xl  align-icon-left\" data-magnetic-threshold=\"115\" data-magnetic-strong=\"0.2\" href=\"https:\/\/codexgolf.com\/en\/contact\/\" role=\"button\"><div class=\"button__content\"><span class=\"media-wrapper icon-wrapper\"><span class=\"wgl-icon\" ><span class=\"icon elementor-icon\"><svg xmlns=\"http:\/\/www.w3.org\/2000\/svg\" height=\"24px\" viewBox=\"0 0 24 24\" width=\"24px\"><path d=\"M5 7v4h13.17l-3.58-3.59L16 6l6 6-6 6-1.41-1.41L18.17 13H3V7h2z\"><\/path><\/svg><\/span><\/span><\/span><span class=\"button__text\">Contact Us<\/span><\/div><\/a>\t\t\t\t<\/div>\n\t\t\t\t<\/div>\n\t\t\t\t<\/div>\n\t\t\t\t\t<\/div>\n\t\t\t\t<\/div>\n\t\t\t\t<\/div>\n\t\t","protected":false},"excerpt":{"rendered":"<p>Codex Golf At Codex Academy, we don&#8217;t believe in a single perfect swing, but in the most efficient swing for you. We combine the experience of our professionals with the most advanced analysis technology (Trackman, video analysis) to accelerate your learning. Whether you are looking to get started in this sport or aspire to be [&hellip;]<\/p>\n","protected":false},"author":1,"featured_media":0,"parent":0,"menu_order":0,"comment_status":"closed","ping_status":"closed","template":"","meta":{"footnotes":""},"class_list":["post-5134","page","type-page","status-publish","hentry"],"_links":{"self":[{"href":"https:\/\/codexgolf.com\/en\/wp-json\/wp\/v2\/pages\/5134","targetHints":{"allow":["GET"]}}],"collection":[{"href":"https:\/\/codexgolf.com\/en\/wp-json\/wp\/v2\/pages"}],"about":[{"href":"https:\/\/codexgolf.com\/en\/wp-json\/wp\/v2\/types\/page"}],"author":[{"embeddable":true,"href":"https:\/\/codexgolf.com\/en\/wp-json\/wp\/v2\/users\/1"}],"replies":[{"embeddable":true,"href":"https:\/\/codexgolf.com\/en\/wp-json\/wp\/v2\/comments?post=5134"}],"version-history":[{"count":1,"href":"https:\/\/codexgolf.com\/en\/wp-json\/wp\/v2\/pages\/5134\/revisions"}],"predecessor-version":[{"id":5138,"href":"https:\/\/codexgolf.com\/en\/wp-json\/wp\/v2\/pages\/5134\/revisions\/5138"}],"wp:attachment":[{"href":"https:\/\/codexgolf.com\/en\/wp-json\/wp\/v2\/media?parent=5134"}],"curies":[{"name":"wp","href":"https:\/\/api.w.org\/{rel}","templated":true}]}}