{"id":5120,"date":"2025-07-29T07:37:24","date_gmt":"2025-07-29T07:37:24","guid":{"rendered":"https:\/\/codexgolf.com\/indoor\/"},"modified":"2025-12-03T20:04:42","modified_gmt":"2025-12-03T20:04:42","slug":"indoor","status":"publish","type":"page","link":"https:\/\/codexgolf.com\/en\/indoor\/","title":{"rendered":"Indoor"},"content":{"rendered":"\t\t<div data-elementor-type=\"wp-page\" data-elementor-id=\"5120\" class=\"elementor elementor-5120 elementor-3938\" data-elementor-post-type=\"page\">\n\t\t\t\t<div class=\"elementor-element elementor-element-a6be90a e-flex e-con-boxed e-con e-parent\" data-id=\"a6be90a\" data-element_type=\"container\" data-e-type=\"container\">\n\t\t\t\t\t<div class=\"e-con-inner\">\n\t\t<div class=\"elementor-element elementor-element-1f65763 e-con-full e-flex e-con e-child\" data-id=\"1f65763\" data-element_type=\"container\" data-e-type=\"container\">\n\t\t\t\t<div class=\"elementor-element elementor-element-f453589 aleft elementor-widget elementor-widget-wgl-double-heading\" data-id=\"f453589\" data-element_type=\"widget\" data-e-type=\"widget\" data-widget_type=\"wgl-double-heading.default\">\n\t\t\t\t<div class=\"elementor-widget-container\">\n\t\t\t\t\t<div class=\"wgl-double-heading\"><div class=\"dblh__subtitle\">Codex Golf<\/div><\/div>\t\t\t\t<\/div>\n\t\t\t\t<\/div>\n\t\t\t\t<div class=\"elementor-element elementor-element-b68780b aleft elementor-widget elementor-widget-wgl-text-editor\" data-id=\"b68780b\" data-element_type=\"widget\" data-e-type=\"widget\" data-settings=\"{&quot;scroll_text_opacity&quot;:{&quot;unit&quot;:&quot;px&quot;,&quot;size&quot;:0.1,&quot;sizes&quot;:[]}}\" data-widget_type=\"wgl-text-editor.default\">\n\t\t\t\t<div class=\"elementor-widget-container\">\n\t\t\t\t\t<div class=\"wgl-text-editor scroll_text_appear appear-opacity\" data-start-percent=\"40\" data-duration-factor=\"2\" data-text-opacity=\"0.1\" data-delay-words=\"3\"><h3 class=\"text-editor_wrapper\"><span>At Codex Indoor, we have created a unique space in Burgos designed for golf enthusiasts seeking technical excellence and comfort. Regardless of the weather or time of day, you have access to the best technology on the market to analyze your swing or simply enjoy a round on the best courses in the world without leaving the city. <\/span><\/h3><\/div>\t\t\t\t<\/div>\n\t\t\t\t<\/div>\n\t\t\t\t<div class=\"elementor-element elementor-element-a087a9c elementor-widget elementor-widget-spacer\" data-id=\"a087a9c\" data-element_type=\"widget\" data-e-type=\"widget\" data-widget_type=\"spacer.default\">\n\t\t\t\t\t\t\t<div class=\"elementor-spacer\">\n\t\t\t<div class=\"elementor-spacer-inner\"><\/div>\n\t\t<\/div>\n\t\t\t\t\t\t<\/div>\n\t\t\t\t<\/div>\n\t\t\t\t\t<\/div>\n\t\t\t\t<\/div>\n\t\t<div class=\"elementor-element elementor-element-3ccba89 e-flex e-con-boxed e-con e-parent\" data-id=\"3ccba89\" data-element_type=\"container\" data-e-type=\"container\">\n\t\t\t\t\t<div class=\"e-con-inner\">\n\t\t\t\t<div class=\"elementor-element elementor-element-d83a58e elementor-widget elementor-widget-image\" data-id=\"d83a58e\" data-element_type=\"widget\" data-e-type=\"widget\" data-widget_type=\"image.default\">\n\t\t\t\t\t\t\t\t\t\t\t\t\t\t\t<img fetchpriority=\"high\" decoding=\"async\" width=\"1024\" height=\"765\" src=\"https:\/\/codexgolf.com\/wp-content\/uploads\/2025\/11\/Sistema-de-Entrenamiento-Indoor-Plan-estrategico-para-campos-de-golf-\u2013-Codex-Golf-Formacion-y-asesoramiento-para-profesionales-del-golf.webp\" class=\"attachment-large size-large wp-image-5091\" alt=\"Indoor Training System Strategic plan for golf courses \u2013 Codex Golf - Training and advice for golf professionals 4\" srcset=\"https:\/\/codexgolf.com\/wp-content\/uploads\/2025\/11\/Sistema-de-Entrenamiento-Indoor-Plan-estrategico-para-campos-de-golf-\u2013-Codex-Golf-Formacion-y-asesoramiento-para-profesionales-del-golf.webp 1024w, https:\/\/codexgolf.com\/wp-content\/uploads\/2025\/11\/Sistema-de-Entrenamiento-Indoor-Plan-estrategico-para-campos-de-golf-\u2013-Codex-Golf-Formacion-y-asesoramiento-para-profesionales-del-golf-300x224.webp 300w, https:\/\/codexgolf.com\/wp-content\/uploads\/2025\/11\/Sistema-de-Entrenamiento-Indoor-Plan-estrategico-para-campos-de-golf-\u2013-Codex-Golf-Formacion-y-asesoramiento-para-profesionales-del-golf-768x574.webp 768w\" sizes=\"(max-width: 1024px) 100vw, 1024px\" \/>\t\t\t\t\t\t\t\t\t\t\t\t\t\t\t<\/div>\n\t\t\t\t\t<\/div>\n\t\t\t\t<\/div>\n\t\t<div class=\"elementor-element elementor-element-4db60b6 e-flex e-con-boxed e-con e-parent\" data-id=\"4db60b6\" data-element_type=\"container\" data-e-type=\"container\">\n\t\t\t\t\t<div class=\"e-con-inner\">\n\t\t\t\t<div class=\"elementor-element elementor-element-0a40221 elementor-widget elementor-widget-spacer\" data-id=\"0a40221\" data-element_type=\"widget\" data-e-type=\"widget\" data-widget_type=\"spacer.default\">\n\t\t\t\t\t\t\t<div class=\"elementor-spacer\">\n\t\t\t<div class=\"elementor-spacer-inner\"><\/div>\n\t\t<\/div>\n\t\t\t\t\t\t<\/div>\n\t\t\t\t\t<\/div>\n\t\t\t\t<\/div>\n\t\t<div class=\"elementor-element elementor-element-c69ab60 e-flex e-con-boxed e-con e-parent\" data-id=\"c69ab60\" data-element_type=\"container\" data-e-type=\"container\">\n\t\t\t\t\t<div class=\"e-con-inner\">\n\t\t\t\t<div class=\"elementor-element elementor-element-ad05102 elementor-widget elementor-widget-wgl-cases\" data-id=\"ad05102\" data-element_type=\"widget\" data-e-type=\"widget\" data-widget_type=\"wgl-cases.default\">\n\t\t\t\t<div class=\"elementor-widget-container\">\n\t\t\t\t\t<div class=\"wgl-cases\" data-carousel=\"yes\"><div class=\"wgl-carousel_wrapper\"><div class=\"wgl-carousel swiper wgl-carousel_swiper swiper-container pagination_circle appear-animation loop-mode \" data-swiper='{\"slidesTransition\":800,\"mousewheel\":false,\"infinite\":true,\"variableWidth\":false,\"autoplay\":false,\"autoplaySpeed\":null,\"autoplayPause\":false,\"autoplayReverse\":false,\"watchOverflow\":true,\"arrows\":false,\"dots\":true,\"dynamicBullets\":false,\"adaptiveHeight\":false,\"direction\":\"horizontal\",\"responsive\":[{\"breakpoint\":1601,\"slidesToShow\":\"3\",\"slidesToScroll\":1},{\"breakpoint\":1201,\"slidesToShow\":\"3\",\"slidesToScroll\":1},{\"breakpoint\":768,\"slidesToShow\":\"2\",\"slidesToScroll\":1},{\"breakpoint\":280,\"slidesToShow\":\"1\",\"slidesToScroll\":1}]}' data-item-carousel='wgl_carousel_69e4df87314b7'><div class=\"swiper-wrapper\"><div class=\"case_items elementor-repeater-item-730e6ac swiper-slide\"><div class=\"case_items__inner_wrapper\"><div class=\"image_wrapper\"><span class=\"media-wrapper img-wrapper\"><span class=\"wgl-image-box_img\"><span ><img decoding=\"async\" src=\"https:\/\/codexgolf.com\/wp-content\/uploads\/2025\/12\/Codex-Golf-2.webp\" title=\"Codex Golf 2\" alt=\"Codex Golf 2\" loading=\"lazy\" \/><\/span><\/span><\/span><\/div><div class=\"case_title__wrapper\"><h3 class=\"case_title\"><span>Simulation &amp; Virtual Gaming<\/span><\/h3><\/div><\/div><\/div><div class=\"case_items elementor-repeater-item-961e1b3 swiper-slide\"><div class=\"case_items__inner_wrapper\"><div class=\"image_wrapper\"><span class=\"media-wrapper img-wrapper\"><span class=\"wgl-image-box_img\"><span ><img decoding=\"async\" src=\"https:\/\/codexgolf.com\/wp-content\/uploads\/2025\/12\/Codex-Golf-8.webp\" title=\"Codex Golf 8\" alt=\"Codex Golf 8\" loading=\"lazy\" \/><\/span><\/span><\/span><\/div><div class=\"case_title__wrapper\"><h3 class=\"case_title\"><span>Professional Material Fitting<\/span><\/h3><\/div><\/div><\/div><div class=\"case_items elementor-repeater-item-370fe64 swiper-slide\"><div class=\"case_items__inner_wrapper\"><div class=\"image_wrapper\"><span class=\"media-wrapper img-wrapper\"><span class=\"wgl-image-box_img\"><span ><img decoding=\"async\" src=\"https:\/\/codexgolf.com\/wp-content\/uploads\/2025\/07\/Sistema-de-Entrenamiento-Indoor-Plan-estrategico-para-campos-de-golf-\u2013-Codex-Golf-Formacion-y-asesoramiento-para-profesionales-del-golf-4.webp\" title=\"Sistema de Entrenamiento Indoor Plan estrat\u00e9gico para campos de golf \u2013 Codex Golf &#8211; Formaci\u00f3n y asesoramiento para profesionales del golf 4\" alt=\"Sistema de Entrenamiento Indoor Plan estrat\u00e9gico para campos de golf \u2013 Codex Golf - Formaci\u00f3n y asesoramiento para profesionales del golf 4\" loading=\"lazy\" \/><\/span><\/span><\/span><\/div><div class=\"case_title__wrapper\"><h3 class=\"case_title\"><span>Swing &amp; Data Analysis<\/span><\/h3><\/div><\/div><\/div><div class=\"case_items elementor-repeater-item-15a875a swiper-slide\"><div class=\"case_items__inner_wrapper\"><div class=\"image_wrapper\"><span class=\"media-wrapper img-wrapper\"><span class=\"wgl-image-box_img\"><span ><img decoding=\"async\" src=\"https:\/\/codexgolf.com\/wp-content\/uploads\/2025\/07\/Plan-estrategico-para-campos-de-golf-\u2013-Codex-Golf-Formacion-y-asesoramiento-para-profesionales-del-golf-Consultoria-especializada-en-instalaciones-de-golf.-Seleccion-y-Formacion-de-Direccion-Tecnica-2.webp\" title=\"Plan estrat\u00e9gico para campos de golf \u2013 Codex Golf &#8211; Formaci\u00f3n y asesoramiento para profesionales del golf &#8211; Consultor\u00eda especializada en instalaciones de golf. Selecci\u00f3n y Formaci\u00f3n de Direcci\u00f3n T\u00e9cnica 2\" alt=\"Plan estrat\u00e9gico para campos de golf \u2013 Codex Golf - Formaci\u00f3n y asesoramiento para profesionales del golf - Consultor\u00eda especializada en instalaciones de golf. Selecci\u00f3n y Formaci\u00f3n de Direcci\u00f3n T\u00e9cnica 2\" loading=\"lazy\" \/><\/span><\/span><\/span><\/div><div class=\"case_title__wrapper\"><h3 class=\"case_title\"><span>Virtual Golf Experience<\/span><\/h3><\/div><\/div><\/div><\/div><\/div><div class=\"wgl-swiper-pagination-wrapper pagination_circle\"><ul class=\"swiper-pagination\" role=\"tablist\" data-carousel=\"wgl_carousel_69e4df87314b7\"><\/ul><\/div><\/div><\/div>\t\t\t\t<\/div>\n\t\t\t\t<\/div>\n\t\t\t\t\t<\/div>\n\t\t\t\t<\/div>\n\t\t<div class=\"elementor-element elementor-element-7a6686f e-flex e-con-boxed e-con e-parent\" data-id=\"7a6686f\" data-element_type=\"container\" data-e-type=\"container\">\n\t\t\t\t\t<div class=\"e-con-inner\">\n\t\t<div class=\"elementor-element elementor-element-a2a2a9f e-con-full e-flex e-con e-child\" data-id=\"a2a2a9f\" data-element_type=\"container\" data-e-type=\"container\">\n\t\t\t\t<div class=\"elementor-element elementor-element-e260dcb elementor-widget elementor-widget-spacer\" data-id=\"e260dcb\" data-element_type=\"widget\" data-e-type=\"widget\" data-widget_type=\"spacer.default\">\n\t\t\t\t\t\t\t<div class=\"elementor-spacer\">\n\t\t\t<div class=\"elementor-spacer-inner\"><\/div>\n\t\t<\/div>\n\t\t\t\t\t\t<\/div>\n\t\t\t\t<div class=\"elementor-element elementor-element-d84cbcd acenter elementor-widget elementor-widget-wgl-double-heading\" data-id=\"d84cbcd\" data-element_type=\"widget\" data-e-type=\"widget\" data-widget_type=\"wgl-double-heading.default\">\n\t\t\t\t<div class=\"elementor-widget-container\">\n\t\t\t\t\t<div class=\"wgl-double-heading\"><div class=\"dblh__subtitle\">Our Benefits<\/div><h3 class=\"dblh__title-wrapper\"><span class=\"dblh__title dblh__title-1\"><span>What do we do in our Indoor?<\/span><\/span><\/h3><\/div>\t\t\t\t<\/div>\n\t\t\t\t<\/div>\n\t\t\t\t<div class=\"elementor-element elementor-element-8b4d8be elementor-widget elementor-widget-spacer\" data-id=\"8b4d8be\" data-element_type=\"widget\" data-e-type=\"widget\" data-widget_type=\"spacer.default\">\n\t\t\t\t\t\t\t<div class=\"elementor-spacer\">\n\t\t\t<div class=\"elementor-spacer-inner\"><\/div>\n\t\t<\/div>\n\t\t\t\t\t\t<\/div>\n\t\t\t\t<div class=\"elementor-element elementor-element-3d62d6c button_left elementor-widget elementor-widget-wgl-showcase\" data-id=\"3d62d6c\" data-element_type=\"widget\" data-e-type=\"widget\" data-widget_type=\"wgl-showcase.default\">\n\t\t\t\t<div class=\"elementor-widget-container\">\n\t\t\t\t\t<div class=\"wgl-showcase breakpoint_on-mobile interactive-showcase\"><div class=\"showcase__item  \"><h3 class=\"showcase__title\"><span class=\"showcase__subtitle\">01<\/span><span class=\"title\">Golf Simulator<\/span><\/h3><div class=\"showcase__content\"><p data-path-to-node=\"2\">Enjoy the most realistic golf experience without leaving the city. Play on the best courses in the world with cutting-edge technology that analyzes every detail of your shot, regardless of the weather or time of day. <\/p>\n<p data-path-to-node=\"3\">\n<\/div><div class=\"showcase__image interactive\" style=\"background-image:url(https:\/\/codexgolf.com\/wp-content\/uploads\/2025\/12\/Simulador-de-Golf-Indoor-Codex-Golf-748x748.png)\"><div class=\"showcase__image-inner\"><img decoding=\"async\" class=\"image\" src=\"https:\/\/codexgolf.com\/wp-content\/uploads\/2025\/12\/Simulador-de-Golf-Indoor-Codex-Golf-748x748.png\" alt=\"Simulador de Golf - Indoor Codex Golf\"><\/div><\/div><\/div><div class=\"showcase__item  \"><h3 class=\"showcase__title\"><span class=\"showcase__subtitle\">03<\/span><span class=\"title\">Club Fitting - Clubmaker<\/span><\/h3><div class=\"showcase__content\"><p data-path-to-node=\"4\">Don't adapt your swing to your clubs, adapt your clubs to your swing. Our personalized fitting and clubmaking service ensures you have the perfect equipment for your biometrics and playing style, maximizing your performance. <\/p>\n<\/div><div class=\"showcase__image interactive\" style=\"background-image:url(https:\/\/codexgolf.com\/wp-content\/uploads\/2025\/12\/Codex-Golf-5-1-1024x1024.webp)\"><div class=\"showcase__image-inner\"><img decoding=\"async\" class=\"image\" src=\"https:\/\/codexgolf.com\/wp-content\/uploads\/2025\/12\/Codex-Golf-5-1-1024x1024.webp\" alt=\"Codex Golf 5\"><\/div><\/div><\/div><div class=\"showcase__item  \"><h3 class=\"showcase__title\"><span class=\"showcase__subtitle\">04<\/span><span class=\"title\">Classes with launch monitors<\/span><\/h3><div class=\"showcase__content\"><p data-path-to-node=\"6\">Raise your level with technical classes supported by objective data. We use state-of-the-art launch monitors to dissect your swing and offer precise corrections that translate into real and measurable improvement. <\/p>\n<p data-path-to-node=\"7\">\n<\/div><div class=\"showcase__image interactive\" style=\"background-image:url(https:\/\/codexgolf.com\/wp-content\/uploads\/2025\/12\/Codex-Golf-1-1024x1024.webp)\"><div class=\"showcase__image-inner\"><img decoding=\"async\" class=\"image\" src=\"https:\/\/codexgolf.com\/wp-content\/uploads\/2025\/12\/Codex-Golf-1-1024x1024.webp\" alt=\"Codex Golf 1\"><\/div><\/div><\/div><div class=\"showcase__item  \"><h3 class=\"showcase__title\"><span class=\"showcase__subtitle\">04<\/span><span class=\"title\">Golf club repair<\/span><\/h3><div class=\"showcase__content\"><p class=\"p1\"><span>Keep your equipment in perfect condition. Our specialized workshop handles all types of repairs, from grip and shaft changes to loft and lie adjustments, so your equipment is always ready. <\/span><\/p>\n<\/div><div class=\"showcase__image interactive\" style=\"background-image:url(https:\/\/codexgolf.com\/wp-content\/uploads\/2025\/12\/Codex-Golf-8-1-1024x1024.webp)\"><div class=\"showcase__image-inner\"><img decoding=\"async\" class=\"image\" src=\"https:\/\/codexgolf.com\/wp-content\/uploads\/2025\/12\/Codex-Golf-8-1-1024x1024.webp\" alt=\"Codex Golf 8\"><\/div><\/div><\/div><\/div>\t\t\t\t<\/div>\n\t\t\t\t<\/div>\n\t\t\t\t<div class=\"elementor-element elementor-element-bf75890 acenter has-magnetic elementor-widget-icon-box wgl-icon-box elementor-widget elementor-widget-wgl-button\" data-id=\"bf75890\" data-element_type=\"widget\" data-e-type=\"widget\" data-widget_type=\"wgl-button.default\">\n\t\t\t\t<div class=\"elementor-widget-container\">\n\t\t\t\t\t<a class=\"wgl-button btn-size-xl  align-icon-left\" data-magnetic-threshold=\"115\" data-magnetic-strong=\"0.2\" href=\"https:\/\/codexgolf.com\/en\/contact\/\" role=\"button\"><div class=\"button__content\"><span class=\"media-wrapper icon-wrapper\"><span class=\"wgl-icon\" ><span class=\"icon elementor-icon\"><svg xmlns=\"http:\/\/www.w3.org\/2000\/svg\" height=\"24px\" viewBox=\"0 0 24 24\" width=\"24px\"><path d=\"M5 7v4h13.17l-3.58-3.59L16 6l6 6-6 6-1.41-1.41L18.17 13H3V7h2z\"><\/path><\/svg><\/span><\/span><\/span><span class=\"button__text\">Contact Us<\/span><\/div><\/a>\t\t\t\t<\/div>\n\t\t\t\t<\/div>\n\t\t\t\t<\/div>\n\t\t\t\t\t<\/div>\n\t\t\t\t<\/div>\n\t\t\t\t<\/div>\n\t\t","protected":false},"excerpt":{"rendered":"<p>Codex Golf At Codex Indoor, we have created a unique space in Burgos designed for golf enthusiasts seeking technical excellence and comfort. Regardless of the weather or time of day, you have access to the best technology on the market to analyze your swing or simply enjoy a round on the best courses in the [&hellip;]<\/p>\n","protected":false},"author":1,"featured_media":0,"parent":0,"menu_order":0,"comment_status":"closed","ping_status":"closed","template":"","meta":{"footnotes":""},"class_list":["post-5120","page","type-page","status-publish","hentry"],"_links":{"self":[{"href":"https:\/\/codexgolf.com\/en\/wp-json\/wp\/v2\/pages\/5120","targetHints":{"allow":["GET"]}}],"collection":[{"href":"https:\/\/codexgolf.com\/en\/wp-json\/wp\/v2\/pages"}],"about":[{"href":"https:\/\/codexgolf.com\/en\/wp-json\/wp\/v2\/types\/page"}],"author":[{"embeddable":true,"href":"https:\/\/codexgolf.com\/en\/wp-json\/wp\/v2\/users\/1"}],"replies":[{"embeddable":true,"href":"https:\/\/codexgolf.com\/en\/wp-json\/wp\/v2\/comments?post=5120"}],"version-history":[{"count":2,"href":"https:\/\/codexgolf.com\/en\/wp-json\/wp\/v2\/pages\/5120\/revisions"}],"predecessor-version":[{"id":5137,"href":"https:\/\/codexgolf.com\/en\/wp-json\/wp\/v2\/pages\/5120\/revisions\/5137"}],"wp:attachment":[{"href":"https:\/\/codexgolf.com\/en\/wp-json\/wp\/v2\/media?parent=5120"}],"curies":[{"name":"wp","href":"https:\/\/api.w.org\/{rel}","templated":true}]}}