{"id":5107,"date":"2024-12-04T12:15:29","date_gmt":"2024-12-04T12:15:29","guid":{"rendered":"https:\/\/codexgolf.com\/strategy\/"},"modified":"2025-12-03T20:04:42","modified_gmt":"2025-12-03T20:04:42","slug":"strategy","status":"publish","type":"page","link":"https:\/\/codexgolf.com\/en\/strategy\/","title":{"rendered":"Strategy"},"content":{"rendered":"\t\t<div data-elementor-type=\"wp-page\" data-elementor-id=\"5107\" class=\"elementor elementor-5107 elementor-1318\" data-elementor-post-type=\"page\">\n\t\t\t\t<div class=\"elementor-element elementor-element-a6be90a e-flex e-con-boxed e-con e-parent\" data-id=\"a6be90a\" data-element_type=\"container\" data-e-type=\"container\">\n\t\t\t\t\t<div class=\"e-con-inner\">\n\t\t<div class=\"elementor-element elementor-element-1f65763 e-con-full e-flex e-con e-child\" data-id=\"1f65763\" data-element_type=\"container\" data-e-type=\"container\">\n\t\t\t\t<div class=\"elementor-element elementor-element-f453589 aleft elementor-widget elementor-widget-wgl-double-heading\" data-id=\"f453589\" data-element_type=\"widget\" data-e-type=\"widget\" data-widget_type=\"wgl-double-heading.default\">\n\t\t\t\t<div class=\"elementor-widget-container\">\n\t\t\t\t\t<div class=\"wgl-double-heading\"><div class=\"dblh__subtitle\">Codex Golf<\/div><\/div>\t\t\t\t<\/div>\n\t\t\t\t<\/div>\n\t\t\t\t<div class=\"elementor-element elementor-element-b68780b aleft elementor-widget elementor-widget-wgl-text-editor\" data-id=\"b68780b\" data-element_type=\"widget\" data-e-type=\"widget\" data-settings=\"{&quot;scroll_text_opacity&quot;:{&quot;unit&quot;:&quot;px&quot;,&quot;size&quot;:0.1,&quot;sizes&quot;:[]}}\" data-widget_type=\"wgl-text-editor.default\">\n\t\t\t\t<div class=\"elementor-widget-container\">\n\t\t\t\t\t<div class=\"wgl-text-editor scroll_text_appear appear-opacity\" data-start-percent=\"40\" data-duration-factor=\"2\" data-text-opacity=\"0.1\" data-delay-words=\"3\"><h3 class=\"text-editor_wrapper\"><span>At Codex Golf, we understand that there is no success without direction. Therefore, we work with clubs, academies, courses, and circuits to define a clear strategy that improves their income, optimizes resources, and strengthens their positioning. <\/span><\/h3><\/div>\t\t\t\t<\/div>\n\t\t\t\t<\/div>\n\t\t\t\t<div class=\"elementor-element elementor-element-a087a9c elementor-widget elementor-widget-spacer\" data-id=\"a087a9c\" data-element_type=\"widget\" data-e-type=\"widget\" data-widget_type=\"spacer.default\">\n\t\t\t\t\t\t\t<div class=\"elementor-spacer\">\n\t\t\t<div class=\"elementor-spacer-inner\"><\/div>\n\t\t<\/div>\n\t\t\t\t\t\t<\/div>\n\t\t\t\t<\/div>\n\t\t\t\t\t<\/div>\n\t\t\t\t<\/div>\n\t\t<div class=\"elementor-element elementor-element-3ccba89 e-flex e-con-boxed e-con e-parent\" data-id=\"3ccba89\" data-element_type=\"container\" data-e-type=\"container\">\n\t\t\t\t\t<div class=\"e-con-inner\">\n\t\t\t\t<div class=\"elementor-element elementor-element-d83a58e elementor-widget elementor-widget-image\" data-id=\"d83a58e\" data-element_type=\"widget\" data-e-type=\"widget\" data-widget_type=\"image.default\">\n\t\t\t\t\t\t\t\t\t\t\t\t\t\t\t<img fetchpriority=\"high\" decoding=\"async\" width=\"1024\" height=\"574\" src=\"https:\/\/codexgolf.com\/wp-content\/uploads\/2025\/07\/Plan-estrategico-para-campos-de-golf-\u2013-Codex-Golf-Formacion-y-asesoramiento-para-profesionales-del-golf-Consultoria-especializada-en-instalaciones-de-golf-PLAN-DE-CRECIMIENTO-2-1024x574.webp\" class=\"attachment-large size-large wp-image-5025\" alt=\"Strategic plan for golf courses \u2013 Codex Golf - Training and advice for golf professionals - Specialized consulting in golf facilities GROWTH PLAN 2\" srcset=\"https:\/\/codexgolf.com\/wp-content\/uploads\/2025\/07\/Plan-estrategico-para-campos-de-golf-\u2013-Codex-Golf-Formacion-y-asesoramiento-para-profesionales-del-golf-Consultoria-especializada-en-instalaciones-de-golf-PLAN-DE-CRECIMIENTO-2-1024x574.webp 1024w, https:\/\/codexgolf.com\/wp-content\/uploads\/2025\/07\/Plan-estrategico-para-campos-de-golf-\u2013-Codex-Golf-Formacion-y-asesoramiento-para-profesionales-del-golf-Consultoria-especializada-en-instalaciones-de-golf-PLAN-DE-CRECIMIENTO-2-300x168.webp 300w, https:\/\/codexgolf.com\/wp-content\/uploads\/2025\/07\/Plan-estrategico-para-campos-de-golf-\u2013-Codex-Golf-Formacion-y-asesoramiento-para-profesionales-del-golf-Consultoria-especializada-en-instalaciones-de-golf-PLAN-DE-CRECIMIENTO-2-768x430.webp 768w, https:\/\/codexgolf.com\/wp-content\/uploads\/2025\/07\/Plan-estrategico-para-campos-de-golf-\u2013-Codex-Golf-Formacion-y-asesoramiento-para-profesionales-del-golf-Consultoria-especializada-en-instalaciones-de-golf-PLAN-DE-CRECIMIENTO-2-1536x861.webp 1536w, https:\/\/codexgolf.com\/wp-content\/uploads\/2025\/07\/Plan-estrategico-para-campos-de-golf-\u2013-Codex-Golf-Formacion-y-asesoramiento-para-profesionales-del-golf-Consultoria-especializada-en-instalaciones-de-golf-PLAN-DE-CRECIMIENTO-2.webp 1920w\" sizes=\"(max-width: 1024px) 100vw, 1024px\" \/>\t\t\t\t\t\t\t\t\t\t\t\t\t\t\t<\/div>\n\t\t\t\t\t<\/div>\n\t\t\t\t<\/div>\n\t\t<div class=\"elementor-element elementor-element-c146e4d e-flex e-con-boxed e-con e-parent\" data-id=\"c146e4d\" data-element_type=\"container\" data-e-type=\"container\">\n\t\t\t\t\t<div class=\"e-con-inner\">\n\t\t\t\t<div class=\"elementor-element elementor-element-1e46512 elementor-widget elementor-widget-spacer\" data-id=\"1e46512\" data-element_type=\"widget\" data-e-type=\"widget\" data-widget_type=\"spacer.default\">\n\t\t\t\t\t\t\t<div class=\"elementor-spacer\">\n\t\t\t<div class=\"elementor-spacer-inner\"><\/div>\n\t\t<\/div>\n\t\t\t\t\t\t<\/div>\n\t\t\t\t\t<\/div>\n\t\t\t\t<\/div>\n\t\t<div class=\"elementor-element elementor-element-a0e49f8 e-flex e-con-boxed e-con e-parent\" data-id=\"a0e49f8\" data-element_type=\"container\" data-e-type=\"container\">\n\t\t\t\t\t<div class=\"e-con-inner\">\n\t\t\t\t<div class=\"elementor-element elementor-element-42c6109 elementor-widget elementor-widget-wgl-cases\" data-id=\"42c6109\" data-element_type=\"widget\" data-e-type=\"widget\" data-widget_type=\"wgl-cases.default\">\n\t\t\t\t<div class=\"elementor-widget-container\">\n\t\t\t\t\t<div class=\"wgl-cases\" data-carousel=\"yes\"><div class=\"wgl-carousel_wrapper\"><div class=\"wgl-carousel swiper wgl-carousel_swiper swiper-container pagination_circle appear-animation loop-mode \" data-swiper='{\"slidesTransition\":800,\"mousewheel\":false,\"infinite\":true,\"variableWidth\":false,\"autoplay\":false,\"autoplaySpeed\":null,\"autoplayPause\":false,\"autoplayReverse\":false,\"watchOverflow\":true,\"arrows\":false,\"dots\":true,\"dynamicBullets\":false,\"adaptiveHeight\":false,\"direction\":\"horizontal\",\"responsive\":[{\"breakpoint\":1601,\"slidesToShow\":\"3\",\"slidesToScroll\":1},{\"breakpoint\":1201,\"slidesToShow\":\"3\",\"slidesToScroll\":1},{\"breakpoint\":768,\"slidesToShow\":\"2\",\"slidesToScroll\":1},{\"breakpoint\":280,\"slidesToShow\":\"1\",\"slidesToScroll\":1}]}' data-item-carousel='wgl_carousel_69e1064db6007'><div class=\"swiper-wrapper\"><div class=\"case_items elementor-repeater-item-730e6ac swiper-slide\"><div class=\"case_items__inner_wrapper\"><div class=\"image_wrapper\"><span class=\"media-wrapper img-wrapper\"><span class=\"wgl-image-box_img\"><span ><img decoding=\"async\" src=\"https:\/\/codexgolf.com\/wp-content\/uploads\/2025\/07\/Plan-estrategico-para-campos-de-golf-\u2013-Codex-Golf-Formacion-y-asesoramiento-para-profesionales-del-golf-Consultoria-especializada-en-instalaciones-de-golf.-Seleccion-y-Formacion-de-Direccion-Tecnica-3.webp\" title=\"Simulador de Golf &#8211; Indoor Codex Golf\" alt=\"Simulador de Golf - Indoor Codex Golf\" loading=\"lazy\" \/><\/span><\/span><\/span><\/div><div class=\"case_title__wrapper\"><h3 class=\"case_title\"><span>Initial diagnosis of the project status<\/span><\/h3><\/div><\/div><\/div><div class=\"case_items elementor-repeater-item-961e1b3 swiper-slide\"><div class=\"case_items__inner_wrapper\"><div class=\"image_wrapper\"><span class=\"media-wrapper img-wrapper\"><span class=\"wgl-image-box_img\"><span ><img decoding=\"async\" src=\"https:\/\/codexgolf.com\/wp-content\/uploads\/2025\/07\/Plan-estrategico-para-campos-de-golf-\u2013-Codex-Golf-Formacion-y-asesoramiento-para-profesionales-del-golf-Consultoria-especializada-en-instalaciones-de-golf.-Seleccion-y-Formacion-de-Direccion-Tecnica-4.webp\" title=\"Plan estrat\u00e9gico para campos de golf \u2013 Codex Golf &#8211; Formaci\u00f3n y asesoramiento para profesionales del golf &#8211; Consultor\u00eda especializada en instalaciones de golf. Selecci\u00f3n y Formaci\u00f3n de Direcci\u00f3n T\u00e9cnica 4\" alt=\"Plan estrat\u00e9gico para campos de golf \u2013 Codex Golf - Formaci\u00f3n y asesoramiento para profesionales del golf - Consultor\u00eda especializada en instalaciones de golf. Selecci\u00f3n y Formaci\u00f3n de Direcci\u00f3n T\u00e9cnica 4\" loading=\"lazy\" \/><\/span><\/span><\/span><\/div><div class=\"case_title__wrapper\"><h3 class=\"case_title\"><span>Analysis of the competitive environment and local market<\/span><\/h3><\/div><\/div><\/div><div class=\"case_items elementor-repeater-item-370fe64 swiper-slide\"><div class=\"case_items__inner_wrapper\"><div class=\"image_wrapper\"><span class=\"media-wrapper img-wrapper\"><span class=\"wgl-image-box_img\"><span ><img decoding=\"async\" src=\"https:\/\/codexgolf.com\/wp-content\/uploads\/2025\/07\/Plan-estrategico-para-campos-de-golf-\u2013-Codex-Golf-Formacion-y-asesoramiento-para-profesionales-del-golf-Consultoria-especializada-en-instalaciones-de-golf.-Consultoria-y-Posicionamiento-5.webp\" title=\"Plan estrat\u00e9gico para campos de golf \u2013 Codex Golf &#8211; Formaci\u00f3n y asesoramiento para profesionales del golf &#8211; Consultor\u00eda especializada en instalaciones de golf. Consultor\u00eda y Posicionamiento 5\" alt=\"Plan estrat\u00e9gico para campos de golf \u2013 Codex Golf - Formaci\u00f3n y asesoramiento para profesionales del golf - Consultor\u00eda especializada en instalaciones de golf. Consultor\u00eda y Posicionamiento 4\" loading=\"lazy\" \/><\/span><\/span><\/span><\/div><div class=\"case_title__wrapper\"><h3 class=\"case_title\"><span>Definition of SMART objectives<\/span><\/h3><\/div><\/div><\/div><div class=\"case_items elementor-repeater-item-15a875a swiper-slide\"><div class=\"case_items__inner_wrapper\"><div class=\"image_wrapper\"><span class=\"media-wrapper img-wrapper\"><span class=\"wgl-image-box_img\"><span ><img decoding=\"async\" src=\"https:\/\/codexgolf.com\/wp-content\/uploads\/2025\/07\/Plan-estrategico-para-campos-de-golf-\u2013-Codex-Golf-Formacion-y-asesoramiento-para-profesionales-del-golf-Consultoria-especializada-en-instalaciones-de-golf.-Seleccion-y-Formacion-de-Direccion-Tecnica-2.webp\" title=\"Plan estrat\u00e9gico para campos de golf \u2013 Codex Golf &#8211; Formaci\u00f3n y asesoramiento para profesionales del golf &#8211; Consultor\u00eda especializada en instalaciones de golf. Selecci\u00f3n y Formaci\u00f3n de Direcci\u00f3n T\u00e9cnica 2\" alt=\"Plan estrat\u00e9gico para campos de golf \u2013 Codex Golf - Formaci\u00f3n y asesoramiento para profesionales del golf - Consultor\u00eda especializada en instalaciones de golf. Selecci\u00f3n y Formaci\u00f3n de Direcci\u00f3n T\u00e9cnica 2\" loading=\"lazy\" \/><\/span><\/span><\/span><\/div><div class=\"case_title__wrapper\"><h3 class=\"case_title\"><span>Creation of a tailored tactical plan<\/span><\/h3><\/div><\/div><\/div><div class=\"case_items elementor-repeater-item-342b3bc swiper-slide\"><div class=\"case_items__inner_wrapper\"><div class=\"image_wrapper\"><span class=\"media-wrapper img-wrapper\"><span class=\"wgl-image-box_img\"><span ><img decoding=\"async\" src=\"https:\/\/codexgolf.com\/wp-content\/uploads\/2025\/07\/Plan-estrategico-para-campos-de-golf-\u2013-Codex-Golf-Formacion-y-asesoramiento-para-profesionales-del-golf-Consultoria-especializada-en-instalaciones-de-golf.-Consultoria-y-Posicionamiento-6.webp\" title=\"Plan estrat\u00e9gico para campos de golf \u2013 Codex Golf &#8211; Formaci\u00f3n y asesoramiento para profesionales del golf &#8211; Consultor\u00eda especializada en instalaciones de golf. Consultor\u00eda y Posicionamiento 6\" alt=\"Plan estrat\u00e9gico para campos de golf \u2013 Codex Golf - Formaci\u00f3n y asesoramiento para profesionales del golf - Consultor\u00eda especializada en instalaciones de golf. Consultor\u00eda y Posicionamiento 4\" loading=\"lazy\" \/><\/span><\/span><\/span><\/div><div class=\"case_title__wrapper\"><h3 class=\"case_title\"><span>Monitoring and control of results<\/span><\/h3><\/div><\/div><\/div><\/div><\/div><div class=\"wgl-swiper-pagination-wrapper pagination_circle\"><ul class=\"swiper-pagination\" role=\"tablist\" data-carousel=\"wgl_carousel_69e1064db6007\"><\/ul><\/div><\/div><\/div>\t\t\t\t<\/div>\n\t\t\t\t<\/div>\n\t\t\t\t\t<\/div>\n\t\t\t\t<\/div>\n\t\t<div class=\"elementor-element elementor-element-cff28bc e-flex e-con-boxed e-con e-parent\" data-id=\"cff28bc\" data-element_type=\"container\" data-e-type=\"container\">\n\t\t\t\t\t<div class=\"e-con-inner\">\n\t\t<div class=\"elementor-element elementor-element-ddad54d e-con-full e-flex e-con e-child\" data-id=\"ddad54d\" data-element_type=\"container\" data-e-type=\"container\">\n\t\t\t\t<div class=\"elementor-element elementor-element-520b89f elementor-widget elementor-widget-spacer\" data-id=\"520b89f\" data-element_type=\"widget\" data-e-type=\"widget\" data-widget_type=\"spacer.default\">\n\t\t\t\t\t\t\t<div class=\"elementor-spacer\">\n\t\t\t<div class=\"elementor-spacer-inner\"><\/div>\n\t\t<\/div>\n\t\t\t\t\t\t<\/div>\n\t\t\t\t<div class=\"elementor-element elementor-element-61d69e5 acenter elementor-widget elementor-widget-wgl-double-heading\" data-id=\"61d69e5\" data-element_type=\"widget\" data-e-type=\"widget\" data-widget_type=\"wgl-double-heading.default\">\n\t\t\t\t<div class=\"elementor-widget-container\">\n\t\t\t\t\t<div class=\"wgl-double-heading\"><div class=\"dblh__subtitle\">Our Benefits<\/div><h3 class=\"dblh__title-wrapper\"><span class=\"dblh__title dblh__title-1\"><span>What do we do in Strategy?<\/span><\/span><\/h3><\/div>\t\t\t\t<\/div>\n\t\t\t\t<\/div>\n\t\t\t\t<div class=\"elementor-element elementor-element-171366f elementor-widget elementor-widget-spacer\" data-id=\"171366f\" data-element_type=\"widget\" data-e-type=\"widget\" data-widget_type=\"spacer.default\">\n\t\t\t\t\t\t\t<div class=\"elementor-spacer\">\n\t\t\t<div class=\"elementor-spacer-inner\"><\/div>\n\t\t<\/div>\n\t\t\t\t\t\t<\/div>\n\t\t\t\t<div class=\"elementor-element elementor-element-5f771a5 button_left elementor-widget elementor-widget-wgl-showcase\" data-id=\"5f771a5\" data-element_type=\"widget\" data-e-type=\"widget\" data-widget_type=\"wgl-showcase.default\">\n\t\t\t\t<div class=\"elementor-widget-container\">\n\t\t\t\t\t<div class=\"wgl-showcase breakpoint_on-mobile interactive-showcase\"><div class=\"showcase__item  \"><a class=\"wgl-showcase__link\" href=\"https:\/\/codexgolf.com\/en\/portfolio\/strategic-profitability-plan\/\"><\/a><h3 class=\"showcase__title\"><span class=\"showcase__subtitle\">01<\/span><span class=\"title\">Strategic Profitability Plans<\/span><\/h3><div class=\"showcase__content\"><p class=\"p1\">We create customized roadmaps to improve your economic results, taking into account the club's context, its structure, and its growth potential.<\/p>\n<\/div><div class=\"showcase__image interactive\" style=\"background-image:url(https:\/\/codexgolf.com\/wp-content\/uploads\/2024\/12\/vista-lateral-del-hombre-con-binoculares-en-el-campo-de-golf-scaled-2560x1280.webp)\"><div class=\"showcase__image-inner\"><img decoding=\"async\" class=\"image\" src=\"https:\/\/codexgolf.com\/wp-content\/uploads\/2024\/12\/vista-lateral-del-hombre-con-binoculares-en-el-campo-de-golf-scaled-2560x1280.webp\" alt=\"Plan estrat\u00e9gico para campos de golf \u2013 Codex Golf - Formaci\u00f3n y asesoramiento para profesionales del golf - Consultor\u00eda especializada en instalaciones de golf\"><\/div><\/div><\/div><div class=\"showcase__item  \"><a class=\"wgl-showcase__link\" href=\"https:\/\/codexgolf.com\/en\/portfolio\/feasibility-studies\/\"><\/a><h3 class=\"showcase__title\"><span class=\"showcase__subtitle\">02<\/span><span class=\"title\">Feasibility Studies<\/span><\/h3><div class=\"showcase__content\"><p class=\"p1\">We analyze the real situation of your project or facility and develop a complete diagnosis to ensure decision-making with criteria and security.<\/p>\n<\/div><div class=\"showcase__image interactive\" style=\"background-image:url(https:\/\/codexgolf.com\/wp-content\/uploads\/2025\/07\/Plan-estrategico-para-campos-de-golf-\u2013-Codex-Golf-Formacion-y-asesoramiento-para-profesionales-del-golf-Consultoria-especializada-en-instalaciones-de-golf-2-1-1456x816.webp)\"><div class=\"showcase__image-inner\"><img decoding=\"async\" class=\"image\" src=\"https:\/\/codexgolf.com\/wp-content\/uploads\/2025\/07\/Plan-estrategico-para-campos-de-golf-\u2013-Codex-Golf-Formacion-y-asesoramiento-para-profesionales-del-golf-Consultoria-especializada-en-instalaciones-de-golf-2-1-1456x816.webp\" alt=\"Plan estrat\u00e9gico para campos de golf \u2013 Codex Golf - Formaci\u00f3n y asesoramiento para profesionales del golf - Consultor\u00eda especializada en instalaciones de golf 2\"><\/div><\/div><\/div><div class=\"showcase__item  \"><a class=\"wgl-showcase__link\" href=\"https:\/\/codexgolf.com\/en\/portfolio\/growth-plan\/\"><\/a><h3 class=\"showcase__title\"><span class=\"showcase__subtitle\">03<\/span><span class=\"title\">Growth Plan<\/span><\/h3><div class=\"showcase__content\"><p class=\"p1\">We draw up a scalable plan for academies, clubs, or circuits that want to expand: more players, more events, more visibility.<\/p>\n<\/div><div class=\"showcase__image interactive\" style=\"background-image:url(https:\/\/codexgolf.com\/wp-content\/uploads\/2025\/07\/Plan-estrategico-para-campos-de-golf-\u2013-Codex-Golf-Formacion-y-asesoramiento-para-profesionales-del-golf-Consultoria-especializada-en-instalaciones-de-golf-PLAN-DE-CRECIMIENTO-2-1920x1076.webp)\"><div class=\"showcase__image-inner\"><img decoding=\"async\" class=\"image\" src=\"https:\/\/codexgolf.com\/wp-content\/uploads\/2025\/07\/Plan-estrategico-para-campos-de-golf-\u2013-Codex-Golf-Formacion-y-asesoramiento-para-profesionales-del-golf-Consultoria-especializada-en-instalaciones-de-golf-PLAN-DE-CRECIMIENTO-2-1920x1076.webp\" alt=\"Plan estrat\u00e9gico para campos de golf \u2013 Codex Golf - Formaci\u00f3n y asesoramiento para profesionales del golf - Consultor\u00eda especializada en instalaciones de golf PLAN DE CRECIMIENTO 2\"><\/div><\/div><\/div><div class=\"showcase__item  \"><a class=\"wgl-showcase__link\" href=\"https:\/\/codexgolf.com\/en\/portfolio\/loyalty-strategy\/\"><\/a><h3 class=\"showcase__title\"><span class=\"showcase__subtitle\">04<\/span><span class=\"title\">Loyalty Strategies<\/span><\/h3><div class=\"showcase__content\"><p class=\"p1\">We create player and member retention systems, from youth to adults, with actions that add real value to the golfer's experience.<\/p>\n<\/div><div class=\"showcase__image interactive\" style=\"background-image:url(https:\/\/codexgolf.com\/wp-content\/uploads\/2025\/07\/Estrategia-de-Fidelizacion-7934x5292.jpg)\"><div class=\"showcase__image-inner\"><img decoding=\"async\" class=\"image\" src=\"https:\/\/codexgolf.com\/wp-content\/uploads\/2025\/07\/Estrategia-de-Fidelizacion-7934x5292.jpg\" alt=\"Estrategia de Fidelizaci\u00f3n\"><\/div><\/div><\/div><\/div>\t\t\t\t<\/div>\n\t\t\t\t<\/div>\n\t\t\t\t<div class=\"elementor-element elementor-element-9444e7c acenter has-magnetic elementor-widget-icon-box wgl-icon-box elementor-widget elementor-widget-wgl-button\" data-id=\"9444e7c\" data-element_type=\"widget\" data-e-type=\"widget\" data-widget_type=\"wgl-button.default\">\n\t\t\t\t<div class=\"elementor-widget-container\">\n\t\t\t\t\t<a class=\"wgl-button btn-size-xl  align-icon-left\" data-magnetic-threshold=\"115\" data-magnetic-strong=\"0.2\" href=\"https:\/\/codexgolf.com\/en\/contact\/\" role=\"button\"><div class=\"button__content\"><span class=\"media-wrapper icon-wrapper\"><span class=\"wgl-icon\" ><span class=\"icon elementor-icon\"><svg xmlns=\"http:\/\/www.w3.org\/2000\/svg\" height=\"24px\" viewBox=\"0 0 24 24\" width=\"24px\"><path d=\"M5 7v4h13.17l-3.58-3.59L16 6l6 6-6 6-1.41-1.41L18.17 13H3V7h2z\"><\/path><\/svg><\/span><\/span><\/span><span class=\"button__text\">Contact Us<\/span><\/div><\/a>\t\t\t\t<\/div>\n\t\t\t\t<\/div>\n\t\t\t\t<\/div>\n\t\t\t\t\t<\/div>\n\t\t\t\t<\/div>\n\t\t\t\t<\/div>\n\t\t","protected":false},"excerpt":{"rendered":"<p>Codex Golf At Codex Golf, we understand that there is no success without direction. Therefore, we work with clubs, academies, courses, and circuits to define a clear strategy that improves their income, optimizes resources, and strengthens their positioning. Initial diagnosis of the project status Analysis of the competitive environment and local market Definition of SMART [&hellip;]<\/p>\n","protected":false},"author":1,"featured_media":0,"parent":0,"menu_order":0,"comment_status":"closed","ping_status":"closed","template":"","meta":{"footnotes":""},"class_list":["post-5107","page","type-page","status-publish","hentry"],"_links":{"self":[{"href":"https:\/\/codexgolf.com\/en\/wp-json\/wp\/v2\/pages\/5107","targetHints":{"allow":["GET"]}}],"collection":[{"href":"https:\/\/codexgolf.com\/en\/wp-json\/wp\/v2\/pages"}],"about":[{"href":"https:\/\/codexgolf.com\/en\/wp-json\/wp\/v2\/types\/page"}],"author":[{"embeddable":true,"href":"https:\/\/codexgolf.com\/en\/wp-json\/wp\/v2\/users\/1"}],"replies":[{"embeddable":true,"href":"https:\/\/codexgolf.com\/en\/wp-json\/wp\/v2\/comments?post=5107"}],"version-history":[{"count":3,"href":"https:\/\/codexgolf.com\/en\/wp-json\/wp\/v2\/pages\/5107\/revisions"}],"predecessor-version":[{"id":5136,"href":"https:\/\/codexgolf.com\/en\/wp-json\/wp\/v2\/pages\/5107\/revisions\/5136"}],"wp:attachment":[{"href":"https:\/\/codexgolf.com\/en\/wp-json\/wp\/v2\/media?parent=5107"}],"curies":[{"name":"wp","href":"https:\/\/api.w.org\/{rel}","templated":true}]}}