{"id":5089,"date":"2025-11-24T17:51:13","date_gmt":"2025-11-24T17:51:13","guid":{"rendered":"https:\/\/codexgolf.com\/experience\/"},"modified":"2025-12-03T20:04:35","modified_gmt":"2025-12-03T20:04:35","slug":"experience","status":"publish","type":"page","link":"https:\/\/codexgolf.com\/en\/experience\/","title":{"rendered":"Experience"},"content":{"rendered":"\t\t<div data-elementor-type=\"wp-page\" data-elementor-id=\"5089\" class=\"elementor elementor-5089 elementor-4899\" data-elementor-post-type=\"page\">\n\t\t\t\t<div class=\"elementor-element elementor-element-a6be90a e-flex e-con-boxed e-con e-parent\" data-id=\"a6be90a\" data-element_type=\"container\" data-e-type=\"container\">\n\t\t\t\t\t<div class=\"e-con-inner\">\n\t\t<div class=\"elementor-element elementor-element-1f65763 e-con-full e-flex e-con e-child\" data-id=\"1f65763\" data-element_type=\"container\" data-e-type=\"container\">\n\t\t\t\t<div class=\"elementor-element elementor-element-f453589 aleft elementor-widget elementor-widget-wgl-double-heading\" data-id=\"f453589\" data-element_type=\"widget\" data-e-type=\"widget\" data-widget_type=\"wgl-double-heading.default\">\n\t\t\t\t<div class=\"elementor-widget-container\">\n\t\t\t\t\t<div class=\"wgl-double-heading\"><div class=\"dblh__subtitle\">Codex Golf<\/div><\/div>\t\t\t\t<\/div>\n\t\t\t\t<\/div>\n\t\t\t\t<div class=\"elementor-element elementor-element-b68780b aleft elementor-widget elementor-widget-wgl-text-editor\" data-id=\"b68780b\" data-element_type=\"widget\" data-e-type=\"widget\" data-settings=\"{&quot;scroll_text_opacity&quot;:{&quot;unit&quot;:&quot;px&quot;,&quot;size&quot;:0.1,&quot;sizes&quot;:[]}}\" data-widget_type=\"wgl-text-editor.default\">\n\t\t\t\t<div class=\"elementor-widget-container\">\n\t\t\t\t\t<div class=\"wgl-text-editor scroll_text_appear appear-opacity\" data-start-percent=\"40\" data-duration-factor=\"2\" data-text-opacity=\"0.1\" data-delay-words=\"3\"><h3 class=\"text-editor_wrapper\"><span>We create memories, not just itineraries. Text: \"At Codex Experience, we understand that golf is the common thread of great stories. Whether it's a trip with friends to the cradle of golf in Scotland, a business conference where networking happens on the green, or a meticulously planned private tournament.   <\/span><\/h3><\/div>\t\t\t\t<\/div>\n\t\t\t\t<\/div>\n\t\t\t\t<div class=\"elementor-element elementor-element-a087a9c elementor-widget elementor-widget-spacer\" data-id=\"a087a9c\" data-element_type=\"widget\" data-e-type=\"widget\" data-widget_type=\"spacer.default\">\n\t\t\t\t\t\t\t<div class=\"elementor-spacer\">\n\t\t\t<div class=\"elementor-spacer-inner\"><\/div>\n\t\t<\/div>\n\t\t\t\t\t\t<\/div>\n\t\t\t\t<\/div>\n\t\t\t\t\t<\/div>\n\t\t\t\t<\/div>\n\t\t<div class=\"elementor-element elementor-element-3ccba89 e-flex e-con-boxed e-con e-parent\" data-id=\"3ccba89\" data-element_type=\"container\" data-e-type=\"container\">\n\t\t\t\t\t<div class=\"e-con-inner\">\n\t\t\t\t<div class=\"elementor-element elementor-element-d83a58e elementor-widget elementor-widget-image\" data-id=\"d83a58e\" data-element_type=\"widget\" data-e-type=\"widget\" data-widget_type=\"image.default\">\n\t\t\t\t\t\t\t\t\t\t\t\t\t\t\t<img fetchpriority=\"high\" decoding=\"async\" width=\"1024\" height=\"604\" src=\"https:\/\/codexgolf.com\/wp-content\/uploads\/2025\/12\/Jose-Maria-Olazabal-y-Ander-Martinez-1024x604.webp\" class=\"attachment-large size-large wp-image-5093\" alt=\"Jos\u00e9 Mar\u00eda Olazabal and Ander Mart\u00ednez\" srcset=\"https:\/\/codexgolf.com\/wp-content\/uploads\/2025\/12\/Jose-Maria-Olazabal-y-Ander-Martinez-1024x604.webp 1024w, https:\/\/codexgolf.com\/wp-content\/uploads\/2025\/12\/Jose-Maria-Olazabal-y-Ander-Martinez-300x177.webp 300w, https:\/\/codexgolf.com\/wp-content\/uploads\/2025\/12\/Jose-Maria-Olazabal-y-Ander-Martinez-768x453.webp 768w, https:\/\/codexgolf.com\/wp-content\/uploads\/2025\/12\/Jose-Maria-Olazabal-y-Ander-Martinez.webp 1068w\" sizes=\"(max-width: 1024px) 100vw, 1024px\" \/>\t\t\t\t\t\t\t\t\t\t\t\t\t\t\t<\/div>\n\t\t\t\t\t<\/div>\n\t\t\t\t<\/div>\n\t\t<div class=\"elementor-element elementor-element-4db60b6 e-flex e-con-boxed e-con e-parent\" data-id=\"4db60b6\" data-element_type=\"container\" data-e-type=\"container\">\n\t\t\t\t\t<div class=\"e-con-inner\">\n\t\t\t\t<div class=\"elementor-element elementor-element-0a40221 elementor-widget elementor-widget-spacer\" data-id=\"0a40221\" data-element_type=\"widget\" data-e-type=\"widget\" data-widget_type=\"spacer.default\">\n\t\t\t\t\t\t\t<div class=\"elementor-spacer\">\n\t\t\t<div class=\"elementor-spacer-inner\"><\/div>\n\t\t<\/div>\n\t\t\t\t\t\t<\/div>\n\t\t\t\t\t<\/div>\n\t\t\t\t<\/div>\n\t\t<div class=\"elementor-element elementor-element-a0e49f8 e-flex e-con-boxed e-con e-parent\" data-id=\"a0e49f8\" data-element_type=\"container\" data-e-type=\"container\">\n\t\t\t\t\t<div class=\"e-con-inner\">\n\t\t\t\t<div class=\"elementor-element elementor-element-42c6109 elementor-widget elementor-widget-wgl-cases\" data-id=\"42c6109\" data-element_type=\"widget\" data-e-type=\"widget\" data-widget_type=\"wgl-cases.default\">\n\t\t\t\t<div class=\"elementor-widget-container\">\n\t\t\t\t\t<div class=\"wgl-cases\" data-carousel=\"yes\"><div class=\"wgl-carousel_wrapper\"><div class=\"wgl-carousel swiper wgl-carousel_swiper swiper-container pagination_circle appear-animation loop-mode \" data-swiper='{\"slidesTransition\":800,\"mousewheel\":false,\"infinite\":true,\"variableWidth\":false,\"autoplay\":false,\"autoplaySpeed\":null,\"autoplayPause\":false,\"autoplayReverse\":false,\"watchOverflow\":true,\"arrows\":false,\"dots\":true,\"dynamicBullets\":false,\"adaptiveHeight\":false,\"direction\":\"horizontal\",\"responsive\":[{\"breakpoint\":1601,\"slidesToShow\":\"3\",\"slidesToScroll\":1},{\"breakpoint\":1201,\"slidesToShow\":\"3\",\"slidesToScroll\":1},{\"breakpoint\":768,\"slidesToShow\":\"2\",\"slidesToScroll\":1},{\"breakpoint\":280,\"slidesToShow\":\"1\",\"slidesToScroll\":1}]}' data-item-carousel='wgl_carousel_69dfb564ce726'><div class=\"swiper-wrapper\"><div class=\"case_items elementor-repeater-item-730e6ac swiper-slide\"><div class=\"case_items__inner_wrapper\"><div class=\"image_wrapper\"><span class=\"media-wrapper img-wrapper\"><span class=\"wgl-image-box_img\"><span ><img decoding=\"async\" src=\"https:\/\/codexgolf.com\/wp-content\/uploads\/2025\/12\/Codex-Golf-5-2.webp\" title=\"Codex Golf 5\" alt=\"Agencia de Golf - Codex Golf\" loading=\"lazy\" \/><\/span><\/span><\/span><\/div><div class=\"case_title__wrapper\"><h3 class=\"case_title\"><span>Tailor-Made Golf Trips<\/span><\/h3><\/div><\/div><\/div><div class=\"case_items elementor-repeater-item-961e1b3 swiper-slide\"><div class=\"case_items__inner_wrapper\"><div class=\"image_wrapper\"><span class=\"media-wrapper img-wrapper\"><span class=\"wgl-image-box_img\"><span ><img decoding=\"async\" src=\"https:\/\/codexgolf.com\/wp-content\/uploads\/2025\/12\/Codex-Golf-2-1.webp\" title=\"Codex Golf 2\" alt=\"Codex Golf 2\" loading=\"lazy\" \/><\/span><\/span><\/span><\/div><div class=\"case_title__wrapper\"><h3 class=\"case_title\"><span>Corporate Events &amp; Congresses<\/span><\/h3><\/div><\/div><\/div><div class=\"case_items elementor-repeater-item-370fe64 swiper-slide\"><div class=\"case_items__inner_wrapper\"><div class=\"image_wrapper\"><span class=\"media-wrapper img-wrapper\"><span class=\"wgl-image-box_img\"><span ><img decoding=\"async\" src=\"https:\/\/codexgolf.com\/wp-content\/uploads\/2025\/12\/Codex-Golf.webp\" title=\"Codex Golf\" alt=\"Codex Golf\" loading=\"lazy\" \/><\/span><\/span><\/span><\/div><div class=\"case_title__wrapper\"><h3 class=\"case_title\"><span>Private Tournament Organization<\/span><\/h3><\/div><\/div><\/div><\/div><\/div><div class=\"wgl-swiper-pagination-wrapper pagination_circle\"><ul class=\"swiper-pagination\" role=\"tablist\" data-carousel=\"wgl_carousel_69dfb564ce726\"><\/ul><\/div><\/div><\/div>\t\t\t\t<\/div>\n\t\t\t\t<\/div>\n\t\t\t\t\t<\/div>\n\t\t\t\t<\/div>\n\t\t<div class=\"elementor-element elementor-element-cff28bc e-flex e-con-boxed e-con e-parent\" data-id=\"cff28bc\" data-element_type=\"container\" data-e-type=\"container\">\n\t\t\t\t\t<div class=\"e-con-inner\">\n\t\t<div class=\"elementor-element elementor-element-ddad54d e-con-full e-flex e-con e-child\" data-id=\"ddad54d\" data-element_type=\"container\" data-e-type=\"container\">\n\t\t\t\t<div class=\"elementor-element elementor-element-520b89f elementor-widget elementor-widget-spacer\" data-id=\"520b89f\" data-element_type=\"widget\" data-e-type=\"widget\" data-widget_type=\"spacer.default\">\n\t\t\t\t\t\t\t<div class=\"elementor-spacer\">\n\t\t\t<div class=\"elementor-spacer-inner\"><\/div>\n\t\t<\/div>\n\t\t\t\t\t\t<\/div>\n\t\t\t\t<div class=\"elementor-element elementor-element-61d69e5 acenter elementor-widget elementor-widget-wgl-double-heading\" data-id=\"61d69e5\" data-element_type=\"widget\" data-e-type=\"widget\" data-widget_type=\"wgl-double-heading.default\">\n\t\t\t\t<div class=\"elementor-widget-container\">\n\t\t\t\t\t<div class=\"wgl-double-heading\"><div class=\"dblh__subtitle\">Our benefits<\/div><h3 class=\"dblh__title-wrapper\"><span class=\"dblh__title dblh__title-1\"><span>What do we do in Experience?<\/span><\/span><\/h3><\/div>\t\t\t\t<\/div>\n\t\t\t\t<\/div>\n\t\t\t\t<div class=\"elementor-element elementor-element-171366f elementor-widget elementor-widget-spacer\" data-id=\"171366f\" data-element_type=\"widget\" data-e-type=\"widget\" data-widget_type=\"spacer.default\">\n\t\t\t\t\t\t\t<div class=\"elementor-spacer\">\n\t\t\t<div class=\"elementor-spacer-inner\"><\/div>\n\t\t<\/div>\n\t\t\t\t\t\t<\/div>\n\t\t\t\t<div class=\"elementor-element elementor-element-5f771a5 button_left elementor-widget elementor-widget-wgl-showcase\" data-id=\"5f771a5\" data-element_type=\"widget\" data-e-type=\"widget\" data-widget_type=\"wgl-showcase.default\">\n\t\t\t\t<div class=\"elementor-widget-container\">\n\t\t\t\t\t<div class=\"wgl-showcase breakpoint_on-mobile interactive-showcase\"><div class=\"showcase__item  \"><h3 class=\"showcase__title\"><span class=\"showcase__subtitle\">01<\/span><span class=\"title\">Tailor-Made Golf Trips<\/span><\/h3><div class=\"showcase__content\"><p class=\"p1\"><span>From the Costa del Sol to the links of Ireland or exotic destinations. We manage flights, private transfers, reservations at Top 100 courses and luxury accommodation. We don't sell standard packages; we create your dream trip with <\/span><i>guaranteed<\/i><span> tee times.<\/span><\/p>\n<\/div><div class=\"showcase__image interactive\" style=\"background-image:url(https:\/\/codexgolf.com\/wp-content\/uploads\/2025\/12\/Codex-Golf-5-2-655x655.webp)\"><div class=\"showcase__image-inner\"><img decoding=\"async\" class=\"image\" src=\"https:\/\/codexgolf.com\/wp-content\/uploads\/2025\/12\/Codex-Golf-5-2-655x655.webp\" alt=\"Agencia de Golf - Codex Golf\"><\/div><\/div><\/div><div class=\"showcase__item  \"><h3 class=\"showcase__title\"><span class=\"showcase__subtitle\">03<\/span><span class=\"title\">Corporate Events &amp; Congresses<\/span><\/h3><div class=\"showcase__content\"><p class=\"p1\"><span>We elevate your corporate event. We organize corporate golf days, private clinics for executives or <\/span><i>team building<\/i><span> activities in exclusive environments. We advise on the integration of golf within congresses and conventions to enhance high-level <\/span><i>networking<\/i><span>.<\/span><\/p>\n<\/div><div class=\"showcase__image interactive\" style=\"background-image:url(https:\/\/codexgolf.com\/wp-content\/uploads\/2025\/12\/Codex-Golf-2-1-1920x1920.webp)\"><div class=\"showcase__image-inner\"><img decoding=\"async\" class=\"image\" src=\"https:\/\/codexgolf.com\/wp-content\/uploads\/2025\/12\/Codex-Golf-2-1-1920x1920.webp\" alt=\"Codex Golf 2\"><\/div><\/div><\/div><div class=\"showcase__item  \"><h3 class=\"showcase__title\"><span class=\"showcase__subtitle\">04<\/span><span class=\"title\">Private Tournament Organization<\/span><\/h3><div class=\"showcase__content\"><p class=\"p1\"><span>We take care of the technical and organizational management of your tournament. From registration management and field branding, to the <\/span><i>welcome pack<\/i><span>, catering and awards ceremony. We make your guests feel like Tour professionals.<\/span><\/p>\n<\/div><div class=\"showcase__image interactive\" style=\"background-image:url(https:\/\/codexgolf.com\/wp-content\/uploads\/2025\/12\/Codex-Golf-3-2-1031x1031.webp)\"><div class=\"showcase__image-inner\"><img decoding=\"async\" class=\"image\" src=\"https:\/\/codexgolf.com\/wp-content\/uploads\/2025\/12\/Codex-Golf-3-2-1031x1031.webp\" alt=\"Codex Golf 3\"><\/div><\/div><\/div><div class=\"showcase__item  \"><h3 class=\"showcase__title\"><span class=\"showcase__subtitle\">04<\/span><span class=\"title\">Signature Experiences<\/span><\/h3><div class=\"showcase__content\"><p class=\"p1\"><span>Do you want to play a Pro-Am with professionals? Attend the Ryder Cup or the Augusta Masters with VIP access? We offer unique experiences and <\/span><i>hospitality<\/i><span> tickets for the biggest events on the world calendar.<\/span><\/p>\n<\/div><div class=\"showcase__image interactive\" style=\"background-image:url(https:\/\/codexgolf.com\/wp-content\/uploads\/2025\/12\/Codex-Golf-1920x1920.webp)\"><div class=\"showcase__image-inner\"><img decoding=\"async\" class=\"image\" src=\"https:\/\/codexgolf.com\/wp-content\/uploads\/2025\/12\/Codex-Golf-1920x1920.webp\" alt=\"Codex Golf\"><\/div><\/div><\/div><\/div>\t\t\t\t<\/div>\n\t\t\t\t<\/div>\n\t\t\t\t<\/div>\n\t\t\t\t\t<\/div>\n\t\t\t\t<\/div>\n\t\t<div class=\"elementor-element elementor-element-8129004 e-flex e-con-boxed e-con e-parent\" data-id=\"8129004\" data-element_type=\"container\" data-e-type=\"container\">\n\t\t\t\t\t<div class=\"e-con-inner\">\n\t\t\t\t<div class=\"elementor-element elementor-element-ce2077d acenter has-magnetic elementor-widget-icon-box wgl-icon-box elementor-widget elementor-widget-wgl-button\" data-id=\"ce2077d\" data-element_type=\"widget\" data-e-type=\"widget\" data-widget_type=\"wgl-button.default\">\n\t\t\t\t<div class=\"elementor-widget-container\">\n\t\t\t\t\t<a class=\"wgl-button btn-size-xl  align-icon-left\" data-magnetic-threshold=\"115\" data-magnetic-strong=\"0.2\" href=\"https:\/\/codexgolf.com\/en\/contact\/\" role=\"button\"><div class=\"button__content\"><span class=\"media-wrapper icon-wrapper\"><span class=\"wgl-icon\" ><span class=\"icon elementor-icon\"><svg xmlns=\"http:\/\/www.w3.org\/2000\/svg\" height=\"24px\" viewBox=\"0 0 24 24\" width=\"24px\"><path d=\"M5 7v4h13.17l-3.58-3.59L16 6l6 6-6 6-1.41-1.41L18.17 13H3V7h2z\"><\/path><\/svg><\/span><\/span><\/span><span class=\"button__text\">Contact us<\/span><\/div><\/a>\t\t\t\t<\/div>\n\t\t\t\t<\/div>\n\t\t\t\t\t<\/div>\n\t\t\t\t<\/div>\n\t\t\t\t<\/div>\n\t\t","protected":false},"excerpt":{"rendered":"<p>Codex Golf We create memories, not just itineraries. Text: &#8220;At Codex Experience, we understand that golf is the common thread of great stories. Whether it&#8217;s a trip with friends to the cradle of golf in Scotland, a business conference where networking happens on the green, or a meticulously planned private tournament. Tailor-Made Golf Trips Corporate [&hellip;]<\/p>\n","protected":false},"author":1,"featured_media":0,"parent":0,"menu_order":0,"comment_status":"closed","ping_status":"closed","template":"","meta":{"footnotes":""},"class_list":["post-5089","page","type-page","status-publish","hentry"],"_links":{"self":[{"href":"https:\/\/codexgolf.com\/en\/wp-json\/wp\/v2\/pages\/5089","targetHints":{"allow":["GET"]}}],"collection":[{"href":"https:\/\/codexgolf.com\/en\/wp-json\/wp\/v2\/pages"}],"about":[{"href":"https:\/\/codexgolf.com\/en\/wp-json\/wp\/v2\/types\/page"}],"author":[{"embeddable":true,"href":"https:\/\/codexgolf.com\/en\/wp-json\/wp\/v2\/users\/1"}],"replies":[{"embeddable":true,"href":"https:\/\/codexgolf.com\/en\/wp-json\/wp\/v2\/comments?post=5089"}],"version-history":[{"count":1,"href":"https:\/\/codexgolf.com\/en\/wp-json\/wp\/v2\/pages\/5089\/revisions"}],"predecessor-version":[{"id":5103,"href":"https:\/\/codexgolf.com\/en\/wp-json\/wp\/v2\/pages\/5089\/revisions\/5103"}],"wp:attachment":[{"href":"https:\/\/codexgolf.com\/en\/wp-json\/wp\/v2\/media?parent=5089"}],"curies":[{"name":"wp","href":"https:\/\/api.w.org\/{rel}","templated":true}]}}